{"id":4645,"date":"2021-03-09T11:42:50","date_gmt":"2021-03-09T09:42:50","guid":{"rendered":"https:\/\/nomadekefalonia.com\/accommodation\/"},"modified":"2026-03-07T21:23:18","modified_gmt":"2026-03-07T19:23:18","slug":"accommodation","status":"publish","type":"page","link":"https:\/\/nomadekefalonia.com\/ro\/accommodation\/","title":{"rendered":"Our Places"},"content":{"rendered":"<div class=\"flex flex-col text-sm pb-25\">\n<article class=\"text-token-text-primary w-full focus:outline-none [--shadow-height:45px] has-data-writing-block:pointer-events-none has-data-writing-block:-mt-(--shadow-height) has-data-writing-block:pt-(--shadow-height) [&amp;:has([data-writing-block])&gt;*]:pointer-events-auto scroll-mt-[calc(var(--header-height)+min(200px,max(70px,20svh)))]\" dir=\"auto\" tabindex=\"-1\" data-turn-id=\"request-69a01a81-364c-8331-9901-f58ffc67988f-4\" data-testid=\"conversation-turn-73\" data-scroll-anchor=\"true\" data-turn=\"assistant\">\n<div class=\"text-base my-auto mx-auto pb-10 [--thread-content-margin:var(--thread-content-margin-xs,calc(var(--spacing)*4))] @w-sm\/main:[--thread-content-margin:var(--thread-content-margin-sm,calc(var(--spacing)*6))] @w-lg\/main:[--thread-content-margin:var(--thread-content-margin-lg,calc(var(--spacing)*16))] px-(--thread-content-margin)\">\n<div class=\"[--thread-content-max-width:40rem] @w-lg\/main:[--thread-content-max-width:48rem] mx-auto max-w-(--thread-content-max-width) flex-1 group\/turn-messages focus-visible:outline-hidden relative flex w-full min-w-0 flex-col agent-turn\" tabindex=\"-1\">\n<div class=\"flex max-w-full flex-col gap-4 grow\">\n<div class=\"min-h-8 text-message relative flex w-full flex-col items-end gap-2 text-start break-words whitespace-normal [.text-message+&amp;]:mt-1\" dir=\"auto\" data-message-author-role=\"assistant\" data-message-id=\"fabe422d-70dc-4782-aab9-9a44796cf368\" data-message-model-slug=\"gpt-5-2-thinking\">\n<div class=\"flex w-full flex-col gap-1 empty:hidden\">\n<div class=\"markdown prose dark:prose-invert w-full wrap-break-word dark markdown-new-styling\">\n<p data-start=\"104\" data-end=\"461\" data-is-last-node=\"\" data-is-only-node=\"\">If you are looking for <strong data-start=\"127\" data-end=\"154\">Kefalonia accommodation<\/strong>, <strong data-start=\"156\" data-end=\"166\">Nom\u0101de<\/strong> offers a small collection of stays in <strong data-start=\"205\" data-end=\"216\">Lixouri<\/strong> on the Paliki peninsula.<\/p>\n<p data-start=\"104\" data-end=\"461\" data-is-last-node=\"\" data-is-only-node=\"\"><strong data-start=\"242\" data-end=\"258\">Nom\u0101de Agora<\/strong> includes four design suites for two (<a title=\"Radi\u00e9: Luxury Suite in Kefalonia | Nom\u0101de Agora\" href=\"https:\/\/nomadekefalonia.com\/rooms\/luxury-suite-in-kefalonia-radie\/\">Radi\u00e9<\/a>, <a title=\"Lun\u00e9lle: Luxury Suite in Kefalonia | Nom\u0101de Agora\" href=\"https:\/\/nomadekefalonia.com\/rooms\/luxury-suite-in-kefalonia-lunelle\/\">Lun\u00e9lle<\/a>, <a title=\"C\u00e1ssia: Suite in Kefalonia | Nom\u0101de Agora\" href=\"https:\/\/nomadekefalonia.com\/nl\/rooms\/suite-in-kefalonia-cassia\/\">C\u00e1ssia<\/a>, <a title=\"Cel\u00e9s: Suite in Kefalonia | Nom\u0101de Agora\" href=\"https:\/\/nomadekefalonia.com\/nl\/rooms\/suite-in-kefalonia-celes\/\">Cel\u00e9s<\/a>), and <a title=\"Z\u0101dos: Central Garden Villa, Lixouri | Nom\u0101de\" href=\"https:\/\/nomadekefalonia.com\/nl\/rooms\/lixouri-villa-zados\/\">Z\u0101dos Villa<\/a> sleeps up to four in a central garden setting.<\/p>\n<p data-start=\"104\" data-end=\"461\" data-is-last-node=\"\" data-is-only-node=\"\">Compare the options below and choose the stay that fits your pace.<\/p>\n<\/div>\n<\/div>\n<\/div>\n<\/div>\n<\/div>\n<\/div>\n<\/article>\n<\/div>\n","protected":false},"excerpt":{"rendered":"<p>If you are looking for Kefalonia accommodation, Nom\u0101de offers a small collection of stays in Lixouri on the Paliki peninsula. Nom\u0101de Agora includes four design suites for two (Radi\u00e9, Lun\u00e9lle, C\u00e1ssia, Cel\u00e9s), and Z\u0101dos Villa sleeps up to four in&hellip;<\/p>\n","protected":false},"author":1,"featured_media":0,"parent":0,"menu_order":0,"comment_status":"closed","ping_status":"closed","template":"kobo\/rooms.php","meta":{"_acf_changed":false,"footnotes":""},"class_list":["post-4645","page","type-page","status-publish","hentry","entry","no-media"],"acf":[],"aioseo_notices":[],"_links":{"self":[{"href":"https:\/\/nomadekefalonia.com\/ro\/wp-json\/wp\/v2\/pages\/4645","targetHints":{"allow":["GET"]}}],"collection":[{"href":"https:\/\/nomadekefalonia.com\/ro\/wp-json\/wp\/v2\/pages"}],"about":[{"href":"https:\/\/nomadekefalonia.com\/ro\/wp-json\/wp\/v2\/types\/page"}],"author":[{"embeddable":true,"href":"https:\/\/nomadekefalonia.com\/ro\/wp-json\/wp\/v2\/users\/1"}],"replies":[{"embeddable":true,"href":"https:\/\/nomadekefalonia.com\/ro\/wp-json\/wp\/v2\/comments?post=4645"}],"version-history":[{"count":4,"href":"https:\/\/nomadekefalonia.com\/ro\/wp-json\/wp\/v2\/pages\/4645\/revisions"}],"predecessor-version":[{"id":5343,"href":"https:\/\/nomadekefalonia.com\/ro\/wp-json\/wp\/v2\/pages\/4645\/revisions\/5343"}],"wp:attachment":[{"href":"https:\/\/nomadekefalonia.com\/ro\/wp-json\/wp\/v2\/media?parent=4645"}],"curies":[{"name":"wp","href":"https:\/\/api.w.org\/{rel}","templated":true}]}}